{"id":2142,"date":"2023-02-01T14:25:57","date_gmt":"2023-02-01T17:25:57","guid":{"rendered":"https:\/\/qiarg.org\/magazine\/?page_id=2142"},"modified":"2023-02-02T14:01:15","modified_gmt":"2023-02-02T17:01:15","slug":"equipo-9","status":"publish","type":"page","link":"https:\/\/qiarg.org\/magazine\/equipo-9\/","title":{"rendered":"Equipo"},"content":{"rendered":"<p>[vc_row][vc_column][vc_column_text]Directora\/<br \/>\n<strong>Karina L\u00f3pez<\/strong><\/p>\n<p>Colaboradores\/<br \/>\n<strong>Gabriela Ensinck<\/strong><br \/>\n<strong>Ximena Pascutti<br \/>\nFederico Kukso<br \/>\n<\/strong><strong>Sergio Elguez\u00e1bal <\/strong><br \/>\n<strong>Carlos Pagura<\/strong><\/p>\n<p>Tapa\/<br \/>\n<b>Xoana Herrera<\/b><\/p>\n<p>Fotograf\u00eda\/<br \/>\n<strong>Dar\u00edo Podest\u00e1<\/strong><br \/>\n<b>Flavio Lombardo<\/b><\/p>\n<p>Dise\u00f1o e ilustraci\u00f3n\/<br \/>\n<b>Carolina Candelmi<\/b><\/p>\n<p>Impresi\u00f3n\/<br \/>\n<strong>Arc\u00e1ngel Maggio<\/strong><\/p>\n<p>Contacto\/<strong><br \/>\n<a href=\"mailto:institucional@qiarg.org\">institucional@qiarg.org<\/a><br \/>\n11 5957 1321<br \/>\n<a href=\"https:\/\/www.qiarg.org.ar\" target=\"_blank\" rel=\"noopener\">www.qiarg.org<\/a><\/strong>[\/vc_column_text][\/vc_column][\/vc_row]<\/p>\n","protected":false},"excerpt":{"rendered":"<p>[vc_row][vc_column][vc_column_text]Directora\/ Karina L\u00f3pez Colaboradores\/ Gabriela Ensinck Ximena Pascutti Federico Kukso Sergio Elguez\u00e1bal Carlos Pagura Tapa\/ Xoana Herrera Fotograf\u00eda\/ Dar\u00edo Podest\u00e1 Flavio Lombardo Dise\u00f1o e ilustraci\u00f3n\/ Carolina Candelmi Impresi\u00f3n\/ Arc\u00e1ngel Maggio Contacto\/ institucional@qiarg.org 11 5957 1321 www.qiarg.org[\/vc_column_text][\/vc_column][\/vc_row]<\/p>\n","protected":false},"author":3,"featured_media":0,"parent":0,"menu_order":0,"comment_status":"closed","ping_status":"closed","template":"","meta":[],"acf":[],"_links":{"self":[{"href":"https:\/\/qiarg.org\/magazine\/wp-json\/wp\/v2\/pages\/2142"}],"collection":[{"href":"https:\/\/qiarg.org\/magazine\/wp-json\/wp\/v2\/pages"}],"about":[{"href":"https:\/\/qiarg.org\/magazine\/wp-json\/wp\/v2\/types\/page"}],"author":[{"embeddable":true,"href":"https:\/\/qiarg.org\/magazine\/wp-json\/wp\/v2\/users\/3"}],"replies":[{"embeddable":true,"href":"https:\/\/qiarg.org\/magazine\/wp-json\/wp\/v2\/comments?post=2142"}],"version-history":[{"count":1,"href":"https:\/\/qiarg.org\/magazine\/wp-json\/wp\/v2\/pages\/2142\/revisions"}],"predecessor-version":[{"id":2143,"href":"https:\/\/qiarg.org\/magazine\/wp-json\/wp\/v2\/pages\/2142\/revisions\/2143"}],"wp:attachment":[{"href":"https:\/\/qiarg.org\/magazine\/wp-json\/wp\/v2\/media?parent=2142"}],"curies":[{"name":"wp","href":"https:\/\/api.w.org\/{rel}","templated":true}]}}