{"id":1442,"date":"2021-04-27T11:42:58","date_gmt":"2021-04-27T14:42:58","guid":{"rendered":"https:\/\/qiarg.org\/magazine\/?page_id=1442"},"modified":"2021-04-28T20:31:30","modified_gmt":"2021-04-28T23:31:30","slug":"equipo-2","status":"publish","type":"page","link":"https:\/\/qiarg.org\/magazine\/equipo-2\/","title":{"rendered":"Equipo"},"content":{"rendered":"<p>[vc_row][vc_column][vc_column_text]Director General\/<strong><br \/>\nMauro L\u00f3pez<\/strong><\/p>\n<p>Directora Institucional\/<strong><br \/>\nKarina L\u00f3pez<\/strong><\/p>\n<p>Director Editorial\/<strong><br \/>\nAlejandro Marinelli<\/strong><\/p>\n<p>Director de Arte\/<strong><br \/>\nDaniel Rezza<\/strong><\/p>\n<p>Colaboradores\/<strong><br \/>\nGabriela Ensinck<br \/>\nDiego Fern\u00e1ndez Romeral<br \/>\nAgustina Heb<br \/>\nAyel\u00e9n I\u00f1igo<br \/>\nFederico Kukso<br \/>\n<\/strong><\/p>\n<p>Tapa\/<strong><br \/>\nLuis Felipe No\u00e9<br \/>\n<\/strong><\/p>\n<p>Fotograf\u00eda\/<strong><br \/>\nNora Lezano<br \/>\nPepe Mateos<\/strong><\/p>\n<p>Ilustraci\u00f3n\/<strong><br \/>\nLeo Arias<\/strong><\/p>\n<p>Dise\u00f1o\/<strong><br \/>\nSerif; comunicaci\u00f3n<\/strong><\/p>\n<p>Impresi\u00f3n\/<strong><br \/>\nLatingr\u00e1fica<br \/>\n<\/strong>Papel certificado en cadena de custodia PEFC<\/p>\n<p>Contacto\/<strong><br \/>\n<a href=\"mailto:institucional@qiarg.org\">institucional@qiarg.org<\/a><br \/>\n11 5957 1321<br \/>\n<a href=\"https:\/\/www.qiarg.org.ar\" target=\"_blank\" rel=\"noopener\">www.qiarg.org<\/a><\/strong>[\/vc_column_text][\/vc_column][\/vc_row]<\/p>\n","protected":false},"excerpt":{"rendered":"<p>[vc_row][vc_column][vc_column_text]Director General\/ Mauro L\u00f3pez Directora Institucional\/ Karina L\u00f3pez Director Editorial\/ Alejandro Marinelli Director de Arte\/ Daniel Rezza Colaboradores\/ Gabriela Ensinck Diego Fern\u00e1ndez Romeral Agustina Heb Ayel\u00e9n I\u00f1igo Federico Kukso Tapa\/ Luis Felipe No\u00e9 Fotograf\u00eda\/ Nora Lezano Pepe Mateos Ilustraci\u00f3n\/ Leo Arias Dise\u00f1o\/ Serif; comunicaci\u00f3n Impresi\u00f3n\/ Latingr\u00e1fica Papel certificado en cadena de custodia PEFC Contacto\/ institucional@qiarg.org [&hellip;]<\/p>\n","protected":false},"author":1,"featured_media":0,"parent":0,"menu_order":0,"comment_status":"closed","ping_status":"closed","template":"","meta":[],"acf":[],"_links":{"self":[{"href":"https:\/\/qiarg.org\/magazine\/wp-json\/wp\/v2\/pages\/1442"}],"collection":[{"href":"https:\/\/qiarg.org\/magazine\/wp-json\/wp\/v2\/pages"}],"about":[{"href":"https:\/\/qiarg.org\/magazine\/wp-json\/wp\/v2\/types\/page"}],"author":[{"embeddable":true,"href":"https:\/\/qiarg.org\/magazine\/wp-json\/wp\/v2\/users\/1"}],"replies":[{"embeddable":true,"href":"https:\/\/qiarg.org\/magazine\/wp-json\/wp\/v2\/comments?post=1442"}],"version-history":[{"count":1,"href":"https:\/\/qiarg.org\/magazine\/wp-json\/wp\/v2\/pages\/1442\/revisions"}],"predecessor-version":[{"id":1443,"href":"https:\/\/qiarg.org\/magazine\/wp-json\/wp\/v2\/pages\/1442\/revisions\/1443"}],"wp:attachment":[{"href":"https:\/\/qiarg.org\/magazine\/wp-json\/wp\/v2\/media?parent=1442"}],"curies":[{"name":"wp","href":"https:\/\/api.w.org\/{rel}","templated":true}]}}